{"id":26,"date":"2025-01-18T18:08:15","date_gmt":"2025-01-18T17:08:15","guid":{"rendered":"https:\/\/decorationexpress.fr\/?page_id=26"},"modified":"2025-03-02T20:44:51","modified_gmt":"2025-03-02T19:44:51","slug":"type-de-prestation","status":"publish","type":"page","link":"https:\/\/decorationexpress.fr\/index.php\/type-de-prestation\/","title":{"rendered":"Type de prestations"},"content":{"rendered":"\n<div class=\"wp-block-media-text is-stacked-on-mobile is-image-fill-element\" style=\"grid-template-columns:32% auto\"><figure class=\"wp-block-media-text__media\"><img loading=\"lazy\" decoding=\"async\" width=\"640\" height=\"427\" src=\"http:\/\/decorationexpress.fr\/wp-content\/uploads\/2025\/02\/comment-personnaliser-un-appartement-meuble_6098934.webp\" alt=\"\" class=\"wp-image-107 size-full\" style=\"object-position:4% 49%\" srcset=\"https:\/\/decorationexpress.fr\/wp-content\/uploads\/2025\/02\/comment-personnaliser-un-appartement-meuble_6098934.webp 640w, https:\/\/decorationexpress.fr\/wp-content\/uploads\/2025\/02\/comment-personnaliser-un-appartement-meuble_6098934-300x200.webp 300w\" sizes=\"auto, (max-width: 640px) 100vw, 640px\" \/><\/figure><div class=\"wp-block-media-text__content\">\n<h2 class=\"wp-block-heading has-text-align-center has-large-font-size\"><strong>Votre logement est occup\u00e9<\/strong><\/h2>\n\n\n\n<p class=\"has-text-align-center has-medium-font-size\">Transformez, valorisez, vendez : une mise en sc\u00e8ne rapide et \u00e9conomique pour un impact maximal !<\/p>\n<\/div><\/div>\n\n\n\n<div style=\"height:100px\" aria-hidden=\"true\" class=\"wp-block-spacer\"><\/div>\n\n\n\n<div class=\"wp-block-media-text has-media-on-the-right is-stacked-on-mobile is-image-fill-element\" style=\"grid-template-columns:auto 32%\"><div class=\"wp-block-media-text__content\">\n<h2 class=\"wp-block-heading has-text-align-center has-large-font-size\"><strong>Votre logement est vide<\/strong><\/h2>\n\n\n\n<p class=\"has-text-align-center has-medium-font-size\">Un int\u00e9rieur bien mis en sc\u00e8ne attire les regards et ouvre les portes d&#8217;un nouveau d\u00e9part<\/p>\n<\/div><figure class=\"wp-block-media-text__media\"><img loading=\"lazy\" decoding=\"async\" width=\"546\" height=\"364\" src=\"http:\/\/decorationexpress.fr\/wp-content\/uploads\/2025\/02\/bail-de-location-logement-vide.jpg\" alt=\"\" class=\"wp-image-106 size-full\" style=\"object-position:17% 49%\" srcset=\"https:\/\/decorationexpress.fr\/wp-content\/uploads\/2025\/02\/bail-de-location-logement-vide.jpg 546w, https:\/\/decorationexpress.fr\/wp-content\/uploads\/2025\/02\/bail-de-location-logement-vide-300x200.jpg 300w\" sizes=\"auto, (max-width: 546px) 100vw, 546px\" \/><\/figure><\/div>\n\n\n\n<div style=\"height:100px\" aria-hidden=\"true\" class=\"wp-block-spacer\"><\/div>\n\n\n\n<div class=\"wp-block-media-text is-stacked-on-mobile is-image-fill-element\" style=\"grid-template-columns:32% auto\"><figure class=\"wp-block-media-text__media\"><img loading=\"lazy\" decoding=\"async\" width=\"1024\" height=\"683\" src=\"http:\/\/decorationexpress.fr\/wp-content\/uploads\/2025\/02\/terrasse-bois-MCA-1024x683-1.jpg\" alt=\"\" class=\"wp-image-110 size-full\" style=\"object-position:50% 50%\" srcset=\"https:\/\/decorationexpress.fr\/wp-content\/uploads\/2025\/02\/terrasse-bois-MCA-1024x683-1.jpg 1024w, https:\/\/decorationexpress.fr\/wp-content\/uploads\/2025\/02\/terrasse-bois-MCA-1024x683-1-300x200.jpg 300w, https:\/\/decorationexpress.fr\/wp-content\/uploads\/2025\/02\/terrasse-bois-MCA-1024x683-1-768x512.jpg 768w\" sizes=\"auto, (max-width: 767px) 89vw, (max-width: 1000px) 54vw, (max-width: 1071px) 543px, 580px\" \/><\/figure><div class=\"wp-block-media-text__content\">\n<h2 class=\"wp-block-heading has-text-align-center has-large-font-size\"><strong>L&#8217;ext\u00e9rieur de votre bien a besoin de fraicheur<\/strong><\/h2>\n\n\n\n<p class=\"has-text-align-center has-medium-font-size\">Un ext\u00e9rieur sublim\u00e9 illumine les regards et apporte une nouvelle fra\u00eecheur \u00e0 votre terrain, balcon ou terrasse<\/p>\n<\/div><\/div>\n\n\n\n<div style=\"height:32px\" aria-hidden=\"true\" class=\"wp-block-spacer\"><\/div>\n\n\n\n<div class=\"wp-block-media-text has-media-on-the-right is-stacked-on-mobile\" style=\"grid-template-columns:auto 32%\"><div class=\"wp-block-media-text__content\">\n<h2 class=\"wp-block-heading has-text-align-center has-large-font-size\"><strong>Vous souhaitez louer des objets ou des accessoires de d\u00e9coration ?<\/strong><\/h2>\n\n\n\n<p class=\"has-text-align-center has-medium-font-size\">Une option \u00e9conomique, \u00e9cologique et flexible<\/p>\n<\/div><figure class=\"wp-block-media-text__media\"><img loading=\"lazy\" decoding=\"async\" width=\"420\" height=\"524\" src=\"https:\/\/decorationexpress.fr\/wp-content\/uploads\/2025\/02\/objets-location.jpg\" alt=\"\" class=\"wp-image-109 size-full\" srcset=\"https:\/\/decorationexpress.fr\/wp-content\/uploads\/2025\/02\/objets-location.jpg 420w, https:\/\/decorationexpress.fr\/wp-content\/uploads\/2025\/02\/objets-location-240x300.jpg 240w\" sizes=\"auto, (max-width: 420px) 100vw, 420px\" \/><\/figure><\/div>\n\n\n\n<div style=\"height:150px\" aria-hidden=\"true\" class=\"wp-block-spacer\"><\/div>\n\n\n\n<div class=\"wp-block-columns is-layout-flex wp-container-core-columns-is-layout-9d6595d7 wp-block-columns-is-layout-flex\">\n<div class=\"wp-block-column is-layout-flow wp-block-column-is-layout-flow\">\n<h2 class=\"wp-block-heading has-text-align-center has-large-font-size\"><strong>1\u00b0<\/strong><br><strong>Rencontre et analyse des<\/strong> <br><strong>besoins<\/strong><\/h2>\n\n\n\n<p><\/p>\n\n\n\n<p><\/p>\n\n\n\n<ul class=\"wp-block-list\">\n<li class=\"has-medium-font-size\">Visite des lieux<\/li>\n\n\n\n<li class=\"has-medium-font-size\">Ecoute et recueil des besoins et souhaits<\/li>\n\n\n\n<li class=\"has-medium-font-size\">Structuration de l&#8217;environnement int\u00e9rieur et ext\u00e9rieur <\/li>\n\n\n\n<li class=\"has-medium-font-size\">Mise en plan et photos de l&#8217;existant<\/li>\n\n\n\n<li class=\"has-medium-font-size\">D\u00e9finition du cahier des charges<\/li>\n\n\n\n<li class=\"has-medium-font-size\">D\u00e9lais d&#8217;intervention<\/li>\n<\/ul>\n<\/div>\n\n\n\n<div class=\"wp-block-column is-layout-flow wp-block-column-is-layout-flow\">\n<h2 class=\"wp-block-heading has-text-align-center has-large-font-size\"><strong>2\u00b0 <\/strong> <br><strong>Dossier de la prestation \u00e0 la carte<\/strong><\/h2>\n\n\n\n<ul class=\"wp-block-list\">\n<li class=\"has-medium-font-size\">Proposition d&#8217;harmonisation et de d\u00e9sencombrement int\u00e9rieur et ext\u00e9rieur<\/li>\n\n\n\n<li class=\"has-medium-font-size\">Photos avant apr\u00e8s <\/li>\n\n\n\n<li class=\"has-medium-font-size\">Projection graphique en 2 dimensions (2D), simulation 3D, plan d\u2019am\u00e9nagement<\/li>\n\n\n\n<li class=\"has-medium-font-size\">Planches de tendances<\/li>\n\n\n\n<li class=\"has-medium-font-size\">Propositions de choix d\u2019accessoires (\u00e9clairages, tissus, mobilier)<\/li>\n\n\n\n<li class=\"has-medium-font-size\">Budget \u00e0 pr\u00e9voir<\/li>\n\n\n\n<li class=\"has-medium-font-size\">Si besoin, propositions de contact artisans, organisation des rendez-vous artisans pour devis et d\u00e9lais intervention<\/li>\n\n\n\n<li class=\"has-medium-font-size\">Signature du projet (contenu, prestations, planning, montant)<\/li>\n<\/ul>\n<\/div>\n\n\n\n<div class=\"wp-block-column is-layout-flow wp-block-column-is-layout-flow\">\n<h2 class=\"wp-block-heading has-text-align-center has-large-font-size\"><strong>3\u00b0<\/strong><br><strong>R\u00e9alisation<\/strong><br><strong>et suivi de<\/strong><br><strong>la prestation<\/strong><\/h2>\n\n\n\n<ul class=\"wp-block-list\">\n<li class=\"has-medium-font-size\">Respect du pr\u00e9visionnel technique, planning et financier<\/li>\n\n\n\n<li class=\"has-medium-font-size\">S\u2019assurer de la coh\u00e9rence de la            \u00ab mise en sc\u00e8ne \u00bb<\/li>\n\n\n\n<li class=\"has-medium-font-size\">Fournitures de cartons et boites <\/li>\n\n\n\n<li class=\"has-medium-font-size\">Accompagnement \u00e0 la r\u00e9alisation <\/li>\n\n\n\n<li class=\"has-medium-font-size\">Coordination entre les artisans \u00e9ventuels<\/li>\n\n\n\n<li class=\"has-medium-font-size\">Gestion des impr\u00e9vus<\/li>\n\n\n\n<li class=\"has-medium-font-size\">R\u00e9ception de la prestation<\/li>\n\n\n\n<li class=\"has-medium-font-size\">SAV si n\u00e9cessaire<\/li>\n\n\n\n<li class=\"has-medium-font-size\">D\u00e9briefing \u00e0 la suite de la vente<\/li>\n<\/ul>\n<\/div>\n<\/div>\n\n\n\n<div style=\"height:150px\" aria-hidden=\"true\" class=\"wp-block-spacer\"><\/div>\n\n\n\n<div class=\"wp-block-columns is-layout-flex wp-container-core-columns-is-layout-9d6595d7 wp-block-columns-is-layout-flex\">\n<div class=\"wp-block-column is-layout-flow wp-block-column-is-layout-flow\" style=\"flex-basis:100%\">\n<figure class=\"wp-block-table aligncenter is-style-stripes\"><table><thead><tr><th class=\"has-text-align-left\" data-align=\"left\">Type de prestations<\/th><th>Tarif TTC<\/th><\/tr><\/thead><tbody><tr><td class=\"has-text-align-left\" data-align=\"left\">Prestation horaire<\/td><td>40\u20ac<\/td><\/tr><tr><td class=\"has-text-align-left\" data-align=\"left\">Premier RDV -2h minimum- Analyse<\/td><td>80\u20ac<\/td><\/tr><tr><td class=\"has-text-align-left\" data-align=\"left\">Forfait 1 jour &#8211; 7h &#8211; Int\u00e9rieur et\/ou ext\u00e9rieur<\/td><td>210\u20ac<\/td><\/tr><tr><td class=\"has-text-align-left\" data-align=\"left\">Forfait 2 jours &#8211; 14h &#8211; Int\u00e9rieur et\/ou ext\u00e9rieur<\/td><td>400\u20ac<\/td><\/tr><tr><td class=\"has-text-align-left\" data-align=\"left\">Forfait 5 jours &#8211; 35h &#8211; Int\u00e9rieur et\/ou ext\u00e9rieur<\/td><td>980\u20ac<\/td><\/tr><tr><td class=\"has-text-align-left\" data-align=\"left\">Forfait au m\u00b2<\/td><td>6\u20ac\/m\u00b2<br>Pour 50m\u00b2 \u2192 300\u20ac (1.5 jours &#8211; 10,5h)<br>Pour 100m\u00b2 \u2192 600\u20ac (3 jours &#8211; 21h)<br>Pour 150m\u00b2 \u2192 900\u20ac (4,5 jours &#8211; 31,5h)<\/td><\/tr><tr><td class=\"has-text-align-left\" data-align=\"left\">Location de petits mobiliers, objets de d\u00e9coration, textiles, plantes, luminaires<\/td><td>Grille suivant type objets et dur\u00e9e<br>Exemple : <br>1 miroir 100x75cm &#8211;&gt; 20\u20ac par mois<br><img loading=\"lazy\" decoding=\"async\" width=\"150\" height=\"195\" class=\"wp-image-105\" style=\"width: 150px;\" src=\"http:\/\/decorationexpress.fr\/wp-content\/uploads\/2025\/02\/Image1.png\" alt=\"\"><\/td><\/tr><\/tbody><\/table><\/figure>\n<\/div>\n<\/div>\n","protected":false},"excerpt":{"rendered":"<p>Votre logement est occup\u00e9 Transformez, valorisez, vendez : une mise en sc\u00e8ne rapide et \u00e9conomique pour un impact maximal ! Votre logement est vide Un int\u00e9rieur bien mis en sc\u00e8ne attire les regards et ouvre les portes d&#8217;un nouveau d\u00e9part L&#8217;ext\u00e9rieur de votre bien a besoin de fraicheur Un ext\u00e9rieur sublim\u00e9 illumine les regards et &hellip; <\/p>\n<p class=\"link-more\"><a href=\"https:\/\/decorationexpress.fr\/index.php\/type-de-prestation\/\" class=\"more-link\">Continue reading<span class=\"screen-reader-text\"> &#8220;Type de prestations&#8221;<\/span><\/a><\/p>\n","protected":false},"author":2,"featured_media":0,"parent":0,"menu_order":0,"comment_status":"closed","ping_status":"closed","template":"","meta":{"footnotes":""},"class_list":["post-26","page","type-page","status-publish","hentry"],"_links":{"self":[{"href":"https:\/\/decorationexpress.fr\/index.php\/wp-json\/wp\/v2\/pages\/26","targetHints":{"allow":["GET"]}}],"collection":[{"href":"https:\/\/decorationexpress.fr\/index.php\/wp-json\/wp\/v2\/pages"}],"about":[{"href":"https:\/\/decorationexpress.fr\/index.php\/wp-json\/wp\/v2\/types\/page"}],"author":[{"embeddable":true,"href":"https:\/\/decorationexpress.fr\/index.php\/wp-json\/wp\/v2\/users\/2"}],"replies":[{"embeddable":true,"href":"https:\/\/decorationexpress.fr\/index.php\/wp-json\/wp\/v2\/comments?post=26"}],"version-history":[{"count":33,"href":"https:\/\/decorationexpress.fr\/index.php\/wp-json\/wp\/v2\/pages\/26\/revisions"}],"predecessor-version":[{"id":182,"href":"https:\/\/decorationexpress.fr\/index.php\/wp-json\/wp\/v2\/pages\/26\/revisions\/182"}],"wp:attachment":[{"href":"https:\/\/decorationexpress.fr\/index.php\/wp-json\/wp\/v2\/media?parent=26"}],"curies":[{"name":"wp","href":"https:\/\/api.w.org\/{rel}","templated":true}]}}